{"id":267,"date":"2019-09-05T18:31:25","date_gmt":"2019-09-05T16:31:25","guid":{"rendered":"https:\/\/demo.themeisle.com\/neve-energy-panels\/?page_id=267"},"modified":"2021-04-17T21:59:42","modified_gmt":"2021-04-17T19:59:42","slug":"contact","status":"publish","type":"page","link":"https:\/\/vunderatert.lu\/contact\/","title":{"rendered":"Kontakt"},"content":{"rendered":"<p>F\u00fcr Fragen und Informationen kontaktieren Sie uns bitte vorzugsweise per E-Mail:<\/p>\n<ul>\n<li>f\u00fcr Fleisch: fleesch@vunderatert.lu<\/li>\n<li>f\u00fcr Garten und Gem\u00fcse: gemeis@vunderatert.lu<\/li>\n<li>f\u00fcr Fruchtsaft und Pressung: viz@vunderatert.lu<\/li>\n<li>f\u00fcr die Genossenschaft oder jede andere Frage: koop@vunderatert.lu<\/li>\n<\/ul>\n<p>Die gesamte Postkorrespondenz kann an folgende Adresse gerichtet werden<\/p>\n<p>Vun der Atert S.C<br \/>6 Jos Seylerstro\u00df<br \/>L-8522 Biekerich<\/p>\n<p>Sie sind herzlich eingeladen, uns bei unseren n\u00e4chsten Veranstaltungen pers\u00f6nlich kennenzulernen, z.B. bei den partizipativen Workcamps des &#8222;Gaart-\u00e0-Vous&#8220;, jeden 2. Samstag im Monat zwischen 9 und 14 Uhr (Anfahrtsplan).<\/p>\n","protected":false},"excerpt":{"rendered":"<p>F\u00fcr Fragen und Informationen kontaktieren Sie uns bitte vorzugsweise per E-Mail: f\u00fcr Fleisch: fleesch@vunderatert.lu f\u00fcr Garten und Gem\u00fcse: gemeis@vunderatert.lu f\u00fcr Fruchtsaft und Pressung: viz@vunderatert.lu f\u00fcr die Genossenschaft oder jede andere Frage: koop@vunderatert.lu Die gesamte Postkorrespondenz kann an folgende Adresse gerichtet werden Vun der Atert S.C6 Jos Seylerstro\u00dfL-8522 Biekerich Sie sind herzlich eingeladen, uns bei unseren&hellip;&nbsp;<a href=\"https:\/\/vunderatert.lu\/contact\/\" class=\"\" rel=\"bookmark\">Weiterlesen &raquo;<span class=\"screen-reader-text\">Kontakt<\/span><\/a><\/p>\n","protected":false},"author":1,"featured_media":0,"parent":0,"menu_order":0,"comment_status":"closed","ping_status":"closed","template":"","meta":{"neve_meta_sidebar":"","neve_meta_container":"","neve_meta_enable_content_width":"","neve_meta_content_width":70,"neve_meta_title_alignment":"","neve_meta_author_avatar":"","neve_post_elements_order":"","neve_meta_disable_header":"","neve_meta_disable_footer":"","neve_meta_disable_title":"","_themeisle_gutenberg_block_has_review":false},"_links":{"self":[{"href":"https:\/\/vunderatert.lu\/wp-json\/wp\/v2\/pages\/267"}],"collection":[{"href":"https:\/\/vunderatert.lu\/wp-json\/wp\/v2\/pages"}],"about":[{"href":"https:\/\/vunderatert.lu\/wp-json\/wp\/v2\/types\/page"}],"author":[{"embeddable":true,"href":"https:\/\/vunderatert.lu\/wp-json\/wp\/v2\/users\/1"}],"replies":[{"embeddable":true,"href":"https:\/\/vunderatert.lu\/wp-json\/wp\/v2\/comments?post=267"}],"version-history":[{"count":0,"href":"https:\/\/vunderatert.lu\/wp-json\/wp\/v2\/pages\/267\/revisions"}],"wp:attachment":[{"href":"https:\/\/vunderatert.lu\/wp-json\/wp\/v2\/media?parent=267"}],"curies":[{"name":"wp","href":"https:\/\/api.w.org\/{rel}","templated":true}]}}