{"id":440,"date":"2020-05-04T13:33:10","date_gmt":"2020-05-04T11:33:10","guid":{"rendered":"https:\/\/vunderatert.lu\/?page_id=440"},"modified":"2020-11-25T15:51:24","modified_gmt":"2020-11-25T14:51:24","slug":"plan-dacces","status":"publish","type":"page","link":"https:\/\/vunderatert.lu\/contact\/plan-dacces\/","title":{"rendered":"Anfahrtsskizze"},"content":{"rendered":"<p>Zugang zum\u00a0<strong>Gaart-\u00e0-Vous<\/strong>-Feld. Wir ermutigen Sie, zu Fu\u00df oder mit dem Fahrrad zu kommen. Wenn Sie mit dem Auto anreisen m\u00fcssen, lassen Sie es bitte in der Jos-Seyler-Stra\u00dfe parken (auf der R\u00fcckseite der Fabrik, in der Zone \u201eParken\u201c auf der Karte).<\/p>\n<p><iframe loading=\"lazy\" src=\"https:\/\/umap.osm.ch\/fr\/map\/gaart-a-vous_2640?scaleControl=false&amp;miniMap=false&amp;scrollWheelZoom=true&amp;zoomControl=true&amp;allowEdit=false&amp;moreControl=true&amp;searchControl=null&amp;tilelayersControl=null&amp;embedControl=null&amp;datalayersControl=true&amp;onLoadPanel=undefined&amp;captionBar=false&amp;datalayers=8796#14\/49.7274\/5.8956\" width=\"100%\" height=\"300px\" frameborder=\"0\" allowfullscreen=\"allowfullscreen\" data-mce-fragment=\"1\"><\/iframe><\/p>\n<p class=\"has-text-align-right\"><em>\u2013\u00a0<a href=\"https:\/\/umap.osm.ch\/fr\/map\/gaart-a-vous_2640#15\/49.7274\/5.8956\">vollst\u00e4ndigen Bildschirm<\/a>\u00a0\u2013<\/em><\/p>\n<p><strong>Gem\u00fcseverteilungen<\/strong>\u00a0werden auf dem \u201eGaart-\u00e0-Vous\u201c-Feld hinter der Wasserabf\u00fcllanlage Beckerich organisiert, Freitags zwischen 17:30 und 19:00.<\/p>\n<p>Unsere\u00a0<strong>Fleischverteilungen<\/strong>\u00a0werden in der Hauptstra\u00dfe von Redange organisiert<\/p>\n","protected":false},"excerpt":{"rendered":"<p>Zugang zum\u00a0Gaart-\u00e0-Vous-Feld.<\/p>\n","protected":false},"author":1,"featured_media":0,"parent":267,"menu_order":0,"comment_status":"closed","ping_status":"closed","template":"","meta":{"neve_meta_sidebar":"","neve_meta_container":"","neve_meta_enable_content_width":"off","neve_meta_content_width":0,"neve_meta_title_alignment":"","neve_meta_author_avatar":"","neve_post_elements_order":"","neve_meta_disable_header":"","neve_meta_disable_footer":"","neve_meta_disable_title":"","_themeisle_gutenberg_block_has_review":false},"_links":{"self":[{"href":"https:\/\/vunderatert.lu\/wp-json\/wp\/v2\/pages\/440"}],"collection":[{"href":"https:\/\/vunderatert.lu\/wp-json\/wp\/v2\/pages"}],"about":[{"href":"https:\/\/vunderatert.lu\/wp-json\/wp\/v2\/types\/page"}],"author":[{"embeddable":true,"href":"https:\/\/vunderatert.lu\/wp-json\/wp\/v2\/users\/1"}],"replies":[{"embeddable":true,"href":"https:\/\/vunderatert.lu\/wp-json\/wp\/v2\/comments?post=440"}],"version-history":[{"count":0,"href":"https:\/\/vunderatert.lu\/wp-json\/wp\/v2\/pages\/440\/revisions"}],"up":[{"embeddable":true,"href":"https:\/\/vunderatert.lu\/wp-json\/wp\/v2\/pages\/267"}],"wp:attachment":[{"href":"https:\/\/vunderatert.lu\/wp-json\/wp\/v2\/media?parent=440"}],"curies":[{"name":"wp","href":"https:\/\/api.w.org\/{rel}","templated":true}]}}