{"id":267,"date":"2019-09-05T18:31:25","date_gmt":"2019-09-05T16:31:25","guid":{"rendered":"https:\/\/demo.themeisle.com\/neve-energy-panels\/?page_id=267"},"modified":"2021-04-17T21:59:42","modified_gmt":"2021-04-17T19:59:42","slug":"contact","status":"publish","type":"page","link":"https:\/\/vunderatert.lu\/contact\/","title":{"rendered":"Contact"},"content":{"rendered":"\n<p>Pour toute question ou information veuillez nous contacter de pr\u00e9f\u00e9rence via le formulaire ci-dessous ou directement par email.<\/p>\n\n\n\n<div class=\"wp-block-contact-form-7-contact-form-selector\">\n<div class=\"wpcf7 no-js\" id=\"wpcf7-f1045-o1\" lang=\"fr-FR\" dir=\"ltr\">\n<div class=\"screen-reader-response\"><p role=\"status\" aria-live=\"polite\" aria-atomic=\"true\"><\/p> <ul><\/ul><\/div>\n<form action=\"\/en\/wp-json\/wp\/v2\/pages\/267#wpcf7-f1045-o1\" method=\"post\" class=\"wpcf7-form init\" aria-label=\"Formulaire de contact\" novalidate=\"novalidate\" data-status=\"init\">\n<div style=\"display: none;\">\n<input type=\"hidden\" name=\"_wpcf7\" value=\"1045\" \/>\n<input type=\"hidden\" name=\"_wpcf7_version\" value=\"5.7.4\" \/>\n<input type=\"hidden\" name=\"_wpcf7_locale\" value=\"fr_FR\" \/>\n<input type=\"hidden\" name=\"_wpcf7_unit_tag\" value=\"wpcf7-f1045-o1\" \/>\n<input type=\"hidden\" name=\"_wpcf7_container_post\" value=\"0\" \/>\n<input type=\"hidden\" name=\"_wpcf7_posted_data_hash\" value=\"\" \/>\n<\/div>\n<p><label> Votre nom<br \/>\n<span class=\"wpcf7-form-control-wrap\" data-name=\"your-name\"><input size=\"40\" class=\"wpcf7-form-control wpcf7-text wpcf7-validates-as-required\" aria-required=\"true\" aria-invalid=\"false\" value=\"\" type=\"text\" name=\"your-name\" \/><\/span> <\/label>\n<\/p>\n<p><label> Votre e-mail<br \/>\n<span class=\"wpcf7-form-control-wrap\" data-name=\"your-email\"><input size=\"40\" class=\"wpcf7-form-control wpcf7-text wpcf7-email wpcf7-validates-as-required wpcf7-validates-as-email\" aria-required=\"true\" aria-invalid=\"false\" value=\"\" type=\"email\" name=\"your-email\" \/><\/span> <\/label>\n<\/p>\n<p><label> Activit\u00e9<br \/>\n<span class=\"wpcf7-form-control-wrap\" data-name=\"activite\"><select class=\"wpcf7-form-control wpcf7-select wpcf7-validates-as-required\" aria-required=\"true\" aria-invalid=\"false\" name=\"activite\"><option value=\"Coop\u00e9rative\">Coop\u00e9rative<\/option><option value=\"L\u00e9gumes\">L\u00e9gumes<\/option><option value=\"Fleesch\">Fleesch<\/option><option value=\"Jus\">Jus<\/option><\/select><\/span><\/label>\n<\/p>\n<p><label> Sujet<br \/>\n<span class=\"wpcf7-form-control-wrap\" data-name=\"your-subject\"><input size=\"40\" class=\"wpcf7-form-control wpcf7-text wpcf7-validates-as-required\" aria-required=\"true\" aria-invalid=\"false\" value=\"\" type=\"text\" name=\"your-subject\" \/><\/span> <\/label>\n<\/p>\n<p><label> Votre message (facultatif)<br \/>\n<span class=\"wpcf7-form-control-wrap\" data-name=\"your-message\"><textarea cols=\"40\" rows=\"10\" class=\"wpcf7-form-control wpcf7-textarea\" aria-invalid=\"false\" name=\"your-message\"><\/textarea><\/span> <\/label>\n<\/p>\n<p><input class=\"wpcf7-form-control has-spinner wpcf7-submit\" type=\"submit\" value=\"Envoyer\" \/>\n<\/p><input type=\"text\" name=\"gqQZo\" value=\"\" style=\"display: none !important;\" \/><div class=\"wpcf7-response-output\" aria-hidden=\"true\"><\/div>\n<\/form>\n<\/div>\n<\/div>\n\n\n\n<p>Pour r\u00e9duire le spam nos adresses emails ci-dessous sont incompl\u00e8tes, ajoutez \u00e0 chaque fois @vunderatert.lu, merci.<\/p>\n\n\n\n<ul><li>pour la viande: fleesch@<\/li><li>pour le jardin et les l\u00e9gumes: gemeis@<\/li><li>pour le jus et le pressage de fruits: viz@<\/li><li>pour la coop\u00e9rative ou toute autre question: koop@<\/li><\/ul>\n\n\n\n<p>Toute correspondance postale peut-\u00eatre adress\u00e9e \u00e0<\/p>\n\n\n\n<p>Vun der Atert S.C<br>6 Jos Seylerstrooss<br>L-8522 Biekerich<\/p>\n\n\n\n<p>Vous \u00eates bienvenu pour nous rencontrer en personne lors de nos prochains \u00e9v\u00e9nements, comme les chantiers participatifs du &#8220;Gaart-\u00e0-Vous&#8221; (<a href=\"https:\/\/vunderatert.lu\/index.php\/plan-dacces\/\">plan d&#8217;acc\u00e8s<\/a>).<\/p>\n","protected":false},"excerpt":{"rendered":"<p>Pour toute question ou information veuillez nous contacter de pr\u00e9f\u00e9rence via le formulaire ci-dessous ou directement par email. Votre nom Votre e-mail Activit\u00e9 Coop\u00e9rativeL\u00e9gumesFleeschJus Sujet Votre message (facultatif) Pour r\u00e9duire le spam nos adresses emails ci-dessous sont incompl\u00e8tes, ajoutez \u00e0 chaque fois @vunderatert.lu, merci. pour la viande: fleesch@pour le jardin et les l\u00e9gumes: gemeis@pour le&hellip;&nbsp;<a href=\"https:\/\/vunderatert.lu\/contact\/\" class=\"\" rel=\"bookmark\">Read More &raquo;<span class=\"screen-reader-text\">Contact<\/span><\/a><\/p>\n","protected":false},"author":1,"featured_media":0,"parent":0,"menu_order":0,"comment_status":"closed","ping_status":"closed","template":"","meta":{"neve_meta_sidebar":"","neve_meta_container":"","neve_meta_enable_content_width":"","neve_meta_content_width":70,"neve_meta_title_alignment":"","neve_meta_author_avatar":"","neve_post_elements_order":"","neve_meta_disable_header":"","neve_meta_disable_footer":"","neve_meta_disable_title":"","_themeisle_gutenberg_block_has_review":false},"_links":{"self":[{"href":"https:\/\/vunderatert.lu\/wp-json\/wp\/v2\/pages\/267"}],"collection":[{"href":"https:\/\/vunderatert.lu\/wp-json\/wp\/v2\/pages"}],"about":[{"href":"https:\/\/vunderatert.lu\/wp-json\/wp\/v2\/types\/page"}],"author":[{"embeddable":true,"href":"https:\/\/vunderatert.lu\/wp-json\/wp\/v2\/users\/1"}],"replies":[{"embeddable":true,"href":"https:\/\/vunderatert.lu\/wp-json\/wp\/v2\/comments?post=267"}],"version-history":[{"count":0,"href":"https:\/\/vunderatert.lu\/wp-json\/wp\/v2\/pages\/267\/revisions"}],"wp:attachment":[{"href":"https:\/\/vunderatert.lu\/wp-json\/wp\/v2\/media?parent=267"}],"curies":[{"name":"wp","href":"https:\/\/api.w.org\/{rel}","templated":true}]}}