{"id":440,"date":"2020-05-04T13:33:10","date_gmt":"2020-05-04T11:33:10","guid":{"rendered":"https:\/\/vunderatert.lu\/?page_id=440"},"modified":"2020-11-25T15:51:24","modified_gmt":"2020-11-25T14:51:24","slug":"plan-dacces","status":"publish","type":"page","link":"https:\/\/vunderatert.lu\/contact\/plan-dacces\/","title":{"rendered":"Plan d'acc\u00e8s"},"content":{"rendered":"\n<p>Acc\u00e8s au<strong> <\/strong>jardin <strong>Gaart-\u00e0-Vous<\/strong>. Nous vous encourageons \u00e0 venir \u00e0 pieds ou \u00e0 v\u00e9lo. Si vous devez venir en voiture veuillez la laisser gar\u00e9e sur la rue Jos Seyler (\u00e0 l&#8217;arri\u00e8re de l&#8217;usine d&#8217;embouteillage d&#8217;eau de Beckerich, zone &#8216;Parking&#8217; du plan ci-dessous). &#8211; <a href=\"https:\/\/umap.osm.ch\/fr\/map\/gaart-a-vous_2640#15\/49.7274\/5.8956\">plan en plein \u00e9cran<\/a> &#8211; <\/p>\n\n\n\n<iframe loading=\"lazy\" width=\"100%\" height=\"300px\" frameborder=\"0\" allowfullscreen=\"\" src=\"https:\/\/umap.osm.ch\/fr\/map\/gaart-a-vous_2640?scaleControl=false&amp;miniMap=false&amp;scrollWheelZoom=true&amp;zoomControl=true&amp;allowEdit=false&amp;moreControl=true&amp;searchControl=null&amp;tilelayersControl=null&amp;embedControl=null&amp;datalayersControl=true&amp;onLoadPanel=undefined&amp;captionBar=false&amp;datalayers=8796#14\/49.7274\/5.8956\"><\/iframe>\n\n\n\n<p>Nos <strong>distributions de l\u00e9gumes <\/strong>sont organis\u00e9es au terrain &#8220;Gaart-\u00e0-Vous&#8221;, le vendredi entre 17h30 et 19h.<\/p>\n\n\n\n<p>Nos <strong>distributions de viande<\/strong> sont organis\u00e9es dans la Grand-Rue de Redange.<\/p>\n","protected":false},"excerpt":{"rendered":"<p>Acc\u00e8s au jardin Gaart-\u00e0-Vous. Nous vous encourageons \u00e0 venir \u00e0 pieds ou \u00e0 v\u00e9lo. Si vous devez venir en voiture veuillez la laisser gar\u00e9e sur la rue Jos Seyler (\u00e0 l&#8217;arri\u00e8re de l&#8217;usine d&#8217;embouteillage d&#8217;eau de Beckerich, zone &#8216;Parking&#8217; du plan ci-dessous). &#8211; plan en plein \u00e9cran &#8211; Nos distributions de l\u00e9gumes sont organis\u00e9es au&hellip;&nbsp;<a href=\"https:\/\/vunderatert.lu\/contact\/plan-dacces\/\" class=\"\" rel=\"bookmark\">Read More &raquo;<span class=\"screen-reader-text\">Plan d&#8217;acc\u00e8s<\/span><\/a><\/p>\n","protected":false},"author":1,"featured_media":0,"parent":267,"menu_order":0,"comment_status":"closed","ping_status":"closed","template":"","meta":{"neve_meta_sidebar":"","neve_meta_container":"","neve_meta_enable_content_width":"off","neve_meta_content_width":0,"neve_meta_title_alignment":"","neve_meta_author_avatar":"","neve_post_elements_order":"","neve_meta_disable_header":"","neve_meta_disable_footer":"","neve_meta_disable_title":"","_themeisle_gutenberg_block_has_review":false},"_links":{"self":[{"href":"https:\/\/vunderatert.lu\/wp-json\/wp\/v2\/pages\/440"}],"collection":[{"href":"https:\/\/vunderatert.lu\/wp-json\/wp\/v2\/pages"}],"about":[{"href":"https:\/\/vunderatert.lu\/wp-json\/wp\/v2\/types\/page"}],"author":[{"embeddable":true,"href":"https:\/\/vunderatert.lu\/wp-json\/wp\/v2\/users\/1"}],"replies":[{"embeddable":true,"href":"https:\/\/vunderatert.lu\/wp-json\/wp\/v2\/comments?post=440"}],"version-history":[{"count":0,"href":"https:\/\/vunderatert.lu\/wp-json\/wp\/v2\/pages\/440\/revisions"}],"up":[{"embeddable":true,"href":"https:\/\/vunderatert.lu\/wp-json\/wp\/v2\/pages\/267"}],"wp:attachment":[{"href":"https:\/\/vunderatert.lu\/wp-json\/wp\/v2\/media?parent=440"}],"curies":[{"name":"wp","href":"https:\/\/api.w.org\/{rel}","templated":true}]}}