{"id":492,"date":"2020-04-04T17:16:30","date_gmt":"2020-04-04T15:16:30","guid":{"rendered":"https:\/\/vunderatert.lu\/?page_id=492"},"modified":"2023-02-08T09:58:17","modified_gmt":"2023-02-08T08:58:17","slug":"accueil","status":"publish","type":"page","link":"https:\/\/vunderatert.lu\/","title":{"rendered":"Accueil"},"content":{"rendered":"\n<div id=\"wp-block-themeisle-blocks-advanced-columns-0657d71b\" class=\"wp-block-themeisle-blocks-advanced-columns has-2-columns has-desktop-oneTwo-layout has-tablet-equal-layout has-mobile-collapsedRows-layout has-vertical-unset has-default-gap\"><div class=\"wp-block-themeisle-blocks-advanced-columns-overlay\"><\/div><div class=\"innerblocks-wrap\">\n<div id=\"wp-block-themeisle-blocks-advanced-column-2d72464f\" class=\"wp-block-themeisle-blocks-advanced-column\">\n<p>Envie de <strong>l\u00e9gumes<\/strong> bio, locaux, de saison et \u00e9quitables ? <\/p>\n\n\n\n<div class=\"is-layout-flex wp-block-buttons\">\n<div class=\"wp-block-button\"><a class=\"wp-block-button__link wp-element-button\" href=\"https:\/\/vunderatert.lu\/about-us\/zaitgemeis\/\">informations<\/a><\/div>\n\n\n\n<div class=\"wp-block-button\"><a class=\"wp-block-button__link wp-element-button\" href=\"https:\/\/vunderatert.lu\/about-us\/zaitgemeis#formulaire\">Abonnement<\/a><\/div>\n<\/div>\n\n\n\n<figure class=\"wp-block-image size-full is-resized\"><img decoding=\"async\" loading=\"lazy\" src=\"https:\/\/vunderatert.lu\/wp-content\/uploads\/2023\/02\/329786537_1515541325609048_7777817039848443676_n-1.jpg\" alt=\"\" class=\"wp-image-1254\" width=\"498\" height=\"707\" srcset=\"https:\/\/vunderatert.lu\/wp-content\/uploads\/2023\/02\/329786537_1515541325609048_7777817039848443676_n-1.jpg 676w, https:\/\/vunderatert.lu\/wp-content\/uploads\/2023\/02\/329786537_1515541325609048_7777817039848443676_n-1-211x300.jpg 211w\" sizes=\"(max-width: 498px) 100vw, 498px\" \/><\/figure>\n\n\n\n<p>Parlez de nous autour de vous, \u00e0 vos voisin.e.s, ami.e.s, et sur les r\u00e9seaux sociaux.<\/p>\n\n\n\n<div id=\"wp-block-themeisle-blocks-button-group-c799ce9e\" class=\"wp-block-themeisle-blocks-button-group wp-block-buttons align-center\">\n<div id=\"wp-block-themeisle-blocks-button-a42deb6a\" class=\"wp-block-themeisle-blocks-button wp-block-button\"><a href=\"https:\/\/www.facebook.com\/sharer\/sharer.php?u=https:\/\/vunderatert.lu\/\" target=\"_blank\" rel=\"noopener noreferrer\" class=\"wp-block-button__link\"><span>Share on Facebook<\/span><\/a><\/div>\n\n\n\n<div id=\"wp-block-themeisle-blocks-button-5ceea496\" class=\"wp-block-themeisle-blocks-button wp-block-button\"><a href=\"https:\/\/twitter.com\/home?status=https:\/\/vunderatert.lu\/\" target=\"_self\" rel=\"noopener noreferrer\" class=\"wp-block-button__link\"><span>tweet<\/span><\/a><\/div>\n<\/div>\n<\/div>\n\n\n\n<div id=\"wp-block-themeisle-blocks-advanced-column-7c23d21a\" class=\"wp-block-themeisle-blocks-advanced-column\">\n<p>Bestell elo d\u00e4i Gem\u00e9iskuerf! <\/p>\n<\/div>\n<\/div><\/div>\n","protected":false},"excerpt":{"rendered":"<p>Envie de l\u00e9gumes bio, locaux, de saison et \u00e9quitables ? informations Abonnement Parlez de nous autour de vous, \u00e0 vos voisin.e.s, ami.e.s, et sur les r\u00e9seaux sociaux. Share on Facebook tweet Bestell elo d\u00e4i Gem\u00e9iskuerf!<\/p>\n","protected":false},"author":17,"featured_media":0,"parent":0,"menu_order":0,"comment_status":"closed","ping_status":"closed","template":"page-templates\/template-pagebuilder-full-width.php","meta":{"neve_meta_sidebar":"full-width","neve_meta_container":"default","neve_meta_enable_content_width":"on","neve_meta_content_width":100,"neve_meta_title_alignment":"","neve_meta_author_avatar":"","neve_post_elements_order":"","neve_meta_disable_header":"","neve_meta_disable_footer":"","neve_meta_disable_title":"","_themeisle_gutenberg_block_has_review":false},"_links":{"self":[{"href":"https:\/\/vunderatert.lu\/wp-json\/wp\/v2\/pages\/492"}],"collection":[{"href":"https:\/\/vunderatert.lu\/wp-json\/wp\/v2\/pages"}],"about":[{"href":"https:\/\/vunderatert.lu\/wp-json\/wp\/v2\/types\/page"}],"author":[{"embeddable":true,"href":"https:\/\/vunderatert.lu\/wp-json\/wp\/v2\/users\/17"}],"replies":[{"embeddable":true,"href":"https:\/\/vunderatert.lu\/wp-json\/wp\/v2\/comments?post=492"}],"version-history":[{"count":8,"href":"https:\/\/vunderatert.lu\/wp-json\/wp\/v2\/pages\/492\/revisions"}],"predecessor-version":[{"id":1266,"href":"https:\/\/vunderatert.lu\/wp-json\/wp\/v2\/pages\/492\/revisions\/1266"}],"wp:attachment":[{"href":"https:\/\/vunderatert.lu\/wp-json\/wp\/v2\/media?parent=492"}],"curies":[{"name":"wp","href":"https:\/\/api.w.org\/{rel}","templated":true}]}}